{"id":608,"date":"2023-03-23T18:31:13","date_gmt":"2023-03-23T18:31:13","guid":{"rendered":"https:\/\/lmdb.pruebasinformedia.es\/?page_id=608"},"modified":"2023-03-24T15:07:34","modified_gmt":"2023-03-24T15:07:34","slug":"politica-de-privacidad","status":"publish","type":"page","link":"https:\/\/chiringuitolamardebien.com\/en\/politica-de-privacidad\/","title":{"rendered":"Pol\u00edtica de privacidad"},"content":{"rendered":"<section class=\"wpb-content-wrapper\"><div  class=\"vc_row wpb_row\">\n\t<div class=\"wpb_column vc_column_container vc_col-sm-12\"><div class=\"vc_column-inner\" >\n\t\t<div class=\"wpb_wrapper\">\n\t\t\t\n\t<div class=\"wpb_text_column wpb_content_element\" >\n\t\t<div class=\"wpb_wrapper\">\n\t\t\t<h3>Pol\u00edtica de privacidad<\/h3>\n<div>\n<p>En cumplimiento de lo establecido en la RGPD, le informamos que sus datos ser\u00e1n tratados en nuestros ficheros, con la finalidad del mantenimiento y cumplimiento de la relaci\u00f3n con nuestra entidad, incluyendo el env\u00edo de comunicaciones en el marco de la citada relaci\u00f3n.As\u00ed mismo, sus datos ser\u00e1n cedidos en todos aquellos casos en que sea necesario para el desarrollo, cumplimiento y control de la relaci\u00f3n con nuestra entidad o en los supuestos en que lo autorice una norma con rango de ley. En cumplimiento de la RGPD puede ejercitar sus derechos ARCO ante <strong>ESCULAP MEDITERRANEO S.L.<\/strong>, con direcci\u00f3n en <strong>AVDA. DE LOS HOLANDESES S\/N, TORREVIEJA, ALICANTE, CP. 03188<\/strong>, adjuntando fotocopia de su DNI.<\/p>\n<p>El contenido de esta comunicaci\u00f3n, as\u00ed como el de toda la documentaci\u00f3n anexa, est\u00e1 sujeta al deber de secreto y va dirigida \u00fanicamente a su destinatario. En el supuesto de que usted no fuera el destinatario, le solicitamos que nos lo indique y no comunique su contenido a terceros, procediendo a su destrucci\u00f3n.<\/p>\n<p>El prestador de servicios de la sociedad de la informaci\u00f3n deber\u00e1 tener en cuenta que, adem\u00e1s de la informaci\u00f3n que facilite a los destinatarios del servicio a trav\u00e9s de su \u00abPol\u00edtica de Privacidad\u00bb, deber\u00e1 disponer de textos legales adicionales relativos a otras normativas de obligado cumplimiento, tales como, sin car\u00e1cter limitativo o excluyente, condiciones generales de la contrataci\u00f3n, propiedad intelectual e industrial, condiciones de utilizaci\u00f3n de la p\u00e1gina web y responsabilidades al respecto, o lo que la propia Ley 34\/2002, de 11 de julio, de Servicios de la Sociedad de la Informaci\u00f3n y de Comercio Electr\u00f3nico pueda establecer en cualesquiera otros preceptos al margen de su art\u00edculo 10 o incluso completar la informaci\u00f3n que, en relaci\u00f3n a \u00e9ste, fuese necesaria.<\/p>\n<\/div>\n\n\t\t<\/div>\n\t<\/div>\n\n\t\t<\/div> <\/div>\n\t<\/div> \n<\/div>\n<\/section>","protected":false},"excerpt":{"rendered":"Pol\u00edtica de privacidad En cumplimiento de lo establecido en la RGPD, le informamos que sus datos ser\u00e1n tratados en nuestros ficheros, con la finalidad del mantenimiento y cumplimiento de la relaci\u00f3n con nuestra entidad, incluyendo el env\u00edo de comunicaciones en el marco de la citada relaci\u00f3n.As\u00ed mismo, sus datos ser\u00e1n cedidos en todos aquellos casos [...]","protected":false},"author":1,"featured_media":0,"parent":0,"menu_order":0,"comment_status":"closed","ping_status":"closed","template":"","meta":{"_vp_format_video_url":"","_vp_image_focal_point":[],"footnotes":""},"class_list":["post-608","page","type-page","status-publish","hentry"],"yoast_head":"<!-- This site is optimized with the Yoast SEO plugin v20.11 - https:\/\/yoast.com\/wordpress\/plugins\/seo\/ -->\n<title>Pol\u00edtica de privacidad - Chiringuito La Mar de Bien<\/title>\n<meta name=\"description\" content=\"Pol\u00edtica de privacidad - Chiringuito La Mar de Bien\" \/>\n<meta name=\"robots\" content=\"noindex, follow, max-snippet:-1, max-image-preview:large, max-video-preview:-1\" \/>\n<meta property=\"og:locale\" content=\"en_GB\" \/>\n<meta property=\"og:type\" content=\"article\" \/>\n<meta property=\"og:title\" content=\"Pol\u00edtica de privacidad - Chiringuito La Mar de Bien\" \/>\n<meta property=\"og:description\" content=\"Pol\u00edtica de privacidad - Chiringuito La Mar de Bien\" \/>\n<meta property=\"og:url\" content=\"https:\/\/chiringuitolamardebien.com\/en\/politica-de-privacidad\/\" \/>\n<meta property=\"og:site_name\" content=\"Chiringuito La Mar de Bien\" \/>\n<meta property=\"article:modified_time\" content=\"2023-03-24T15:07:34+00:00\" \/>\n<meta property=\"og:image\" content=\"https:\/\/chiringuitolamardebien.com\/wp-content\/uploads\/2023\/03\/logo.png\" \/>\n\t<meta property=\"og:image:width\" content=\"1200\" \/>\n\t<meta property=\"og:image:height\" content=\"491\" \/>\n\t<meta property=\"og:image:type\" content=\"image\/png\" \/>\n<meta name=\"twitter:card\" content=\"summary_large_image\" \/>\n<meta name=\"twitter:label1\" content=\"Estimated reading time\" \/>\n\t<meta name=\"twitter:data1\" content=\"2 minutes\" \/>\n<script type=\"application\/ld+json\" class=\"yoast-schema-graph\">{\"@context\":\"https:\/\/schema.org\",\"@graph\":[{\"@type\":\"WebPage\",\"@id\":\"https:\/\/chiringuitolamardebien.com\/politica-de-privacidad\/\",\"url\":\"https:\/\/chiringuitolamardebien.com\/politica-de-privacidad\/\",\"name\":\"Pol\u00edtica de privacidad - Chiringuito La Mar de Bien\",\"isPartOf\":{\"@id\":\"https:\/\/chiringuitolamardebien.com\/#website\"},\"datePublished\":\"2023-03-23T18:31:13+00:00\",\"dateModified\":\"2023-03-24T15:07:34+00:00\",\"description\":\"Pol\u00edtica de privacidad - Chiringuito La Mar de Bien\",\"breadcrumb\":{\"@id\":\"https:\/\/chiringuitolamardebien.com\/politica-de-privacidad\/#breadcrumb\"},\"inLanguage\":\"en-GB\",\"potentialAction\":[{\"@type\":\"ReadAction\",\"target\":[\"https:\/\/chiringuitolamardebien.com\/politica-de-privacidad\/\"]}]},{\"@type\":\"BreadcrumbList\",\"@id\":\"https:\/\/chiringuitolamardebien.com\/politica-de-privacidad\/#breadcrumb\",\"itemListElement\":[{\"@type\":\"ListItem\",\"position\":1,\"name\":\"Portada\",\"item\":\"https:\/\/chiringuitolamardebien.com\/\"},{\"@type\":\"ListItem\",\"position\":2,\"name\":\"Pol\u00edtica de privacidad\"}]},{\"@type\":\"WebSite\",\"@id\":\"https:\/\/chiringuitolamardebien.com\/#website\",\"url\":\"https:\/\/chiringuitolamardebien.com\/\",\"name\":\"Chiringuito La Mar de Bien\",\"description\":\"Chiringuito La Mar de Bien | Torrevieja - La Mata\",\"publisher\":{\"@id\":\"https:\/\/chiringuitolamardebien.com\/#organization\"},\"alternateName\":\"La Mar de Bien\",\"potentialAction\":[{\"@type\":\"SearchAction\",\"target\":{\"@type\":\"EntryPoint\",\"urlTemplate\":\"https:\/\/chiringuitolamardebien.com\/?s={search_term_string}\"},\"query-input\":\"required name=search_term_string\"}],\"inLanguage\":\"en-GB\"},{\"@type\":\"Organization\",\"@id\":\"https:\/\/chiringuitolamardebien.com\/#organization\",\"name\":\"La Mar de Bien\",\"alternateName\":\"La Mar de Bien\",\"url\":\"https:\/\/chiringuitolamardebien.com\/\",\"logo\":{\"@type\":\"ImageObject\",\"inLanguage\":\"en-GB\",\"@id\":\"https:\/\/chiringuitolamardebien.com\/#\/schema\/logo\/image\/\",\"url\":\"https:\/\/chiringuitolamardebien.com\/wp-content\/uploads\/2023\/03\/logo.png\",\"contentUrl\":\"https:\/\/chiringuitolamardebien.com\/wp-content\/uploads\/2023\/03\/logo.png\",\"width\":1200,\"height\":491,\"caption\":\"La Mar de Bien\"},\"image\":{\"@id\":\"https:\/\/chiringuitolamardebien.com\/#\/schema\/logo\/image\/\"}}]}<\/script>\n<!-- \/ Yoast SEO plugin. -->","yoast_head_json":{"title":"Pol\u00edtica de privacidad - Chiringuito La Mar de Bien","description":"Pol\u00edtica de privacidad - Chiringuito La Mar de Bien","robots":{"index":"noindex","follow":"follow","max-snippet":"max-snippet:-1","max-image-preview":"max-image-preview:large","max-video-preview":"max-video-preview:-1"},"og_locale":"en_GB","og_type":"article","og_title":"Pol\u00edtica de privacidad - Chiringuito La Mar de Bien","og_description":"Pol\u00edtica de privacidad - Chiringuito La Mar de Bien","og_url":"https:\/\/chiringuitolamardebien.com\/en\/politica-de-privacidad\/","og_site_name":"Chiringuito La Mar de Bien","article_modified_time":"2023-03-24T15:07:34+00:00","og_image":[{"width":1200,"height":491,"url":"https:\/\/chiringuitolamardebien.com\/wp-content\/uploads\/2023\/03\/logo.png","type":"image\/png"}],"twitter_card":"summary_large_image","twitter_misc":{"Estimated reading time":"2 minutes"},"schema":{"@context":"https:\/\/schema.org","@graph":[{"@type":"WebPage","@id":"https:\/\/chiringuitolamardebien.com\/politica-de-privacidad\/","url":"https:\/\/chiringuitolamardebien.com\/politica-de-privacidad\/","name":"Pol\u00edtica de privacidad - Chiringuito La Mar de Bien","isPartOf":{"@id":"https:\/\/chiringuitolamardebien.com\/#website"},"datePublished":"2023-03-23T18:31:13+00:00","dateModified":"2023-03-24T15:07:34+00:00","description":"Pol\u00edtica de privacidad - Chiringuito La Mar de Bien","breadcrumb":{"@id":"https:\/\/chiringuitolamardebien.com\/politica-de-privacidad\/#breadcrumb"},"inLanguage":"en-GB","potentialAction":[{"@type":"ReadAction","target":["https:\/\/chiringuitolamardebien.com\/politica-de-privacidad\/"]}]},{"@type":"BreadcrumbList","@id":"https:\/\/chiringuitolamardebien.com\/politica-de-privacidad\/#breadcrumb","itemListElement":[{"@type":"ListItem","position":1,"name":"Portada","item":"https:\/\/chiringuitolamardebien.com\/"},{"@type":"ListItem","position":2,"name":"Pol\u00edtica de privacidad"}]},{"@type":"WebSite","@id":"https:\/\/chiringuitolamardebien.com\/#website","url":"https:\/\/chiringuitolamardebien.com\/","name":"Chiringuito La Mar de Bien","description":"Chiringuito La Mar de Bien | Torrevieja - La Mata","publisher":{"@id":"https:\/\/chiringuitolamardebien.com\/#organization"},"alternateName":"La Mar de Bien","potentialAction":[{"@type":"SearchAction","target":{"@type":"EntryPoint","urlTemplate":"https:\/\/chiringuitolamardebien.com\/?s={search_term_string}"},"query-input":"required name=search_term_string"}],"inLanguage":"en-GB"},{"@type":"Organization","@id":"https:\/\/chiringuitolamardebien.com\/#organization","name":"La Mar de Bien","alternateName":"La Mar de Bien","url":"https:\/\/chiringuitolamardebien.com\/","logo":{"@type":"ImageObject","inLanguage":"en-GB","@id":"https:\/\/chiringuitolamardebien.com\/#\/schema\/logo\/image\/","url":"https:\/\/chiringuitolamardebien.com\/wp-content\/uploads\/2023\/03\/logo.png","contentUrl":"https:\/\/chiringuitolamardebien.com\/wp-content\/uploads\/2023\/03\/logo.png","width":1200,"height":491,"caption":"La Mar de Bien"},"image":{"@id":"https:\/\/chiringuitolamardebien.com\/#\/schema\/logo\/image\/"}}]}},"_links":{"self":[{"href":"https:\/\/chiringuitolamardebien.com\/en\/wp-json\/wp\/v2\/pages\/608","targetHints":{"allow":["GET"]}}],"collection":[{"href":"https:\/\/chiringuitolamardebien.com\/en\/wp-json\/wp\/v2\/pages"}],"about":[{"href":"https:\/\/chiringuitolamardebien.com\/en\/wp-json\/wp\/v2\/types\/page"}],"author":[{"embeddable":true,"href":"https:\/\/chiringuitolamardebien.com\/en\/wp-json\/wp\/v2\/users\/1"}],"replies":[{"embeddable":true,"href":"https:\/\/chiringuitolamardebien.com\/en\/wp-json\/wp\/v2\/comments?post=608"}],"version-history":[{"count":7,"href":"https:\/\/chiringuitolamardebien.com\/en\/wp-json\/wp\/v2\/pages\/608\/revisions"}],"predecessor-version":[{"id":618,"href":"https:\/\/chiringuitolamardebien.com\/en\/wp-json\/wp\/v2\/pages\/608\/revisions\/618"}],"wp:attachment":[{"href":"https:\/\/chiringuitolamardebien.com\/en\/wp-json\/wp\/v2\/media?parent=608"}],"curies":[{"name":"wp","href":"https:\/\/api.w.org\/{rel}","templated":true}]}}